{"id":197,"date":"2025-11-03T18:54:53","date_gmt":"2025-11-03T17:54:53","guid":{"rendered":"https:\/\/www.materna-france.fr\/?page_id=197"},"modified":"2026-03-10T18:13:46","modified_gmt":"2026-03-10T17:13:46","slug":"carrieres","status":"publish","type":"page","link":"https:\/\/www.materna-france.fr\/en\/careers\/","title":{"rendered":"Careers"},"content":{"rendered":"<section class=\"wp-block-group alignfull lignes ligne5 has-global-padding is-layout-constrained wp-block-group-is-layout-constrained\">\n<div class=\"wp-block-group radius-50 blueDots blocblanc hero animate-on-scroll fade-up has-contrast-2-color has-base-background-color has-text-color has-background has-link-color wp-elements-99e3141e5e487dc08df59af68d751a5c has-global-padding is-layout-constrained wp-container-core-group-is-layout-0d72ef2b wp-block-group-is-layout-constrained\" style=\"margin-top:0;margin-bottom:0\">\n<div class=\"wp-block-group has-global-padding is-layout-constrained wp-container-core-group-is-layout-67dda5b4 wp-block-group-is-layout-constrained\" style=\"padding-top:0;padding-right:0;padding-bottom:0;padding-left:0\">\n<h1 class=\"wp-block-heading has-text-align-center\">Careers: <strong>join the European leader<\/strong> in infant nutrition<\/h1>\n<\/div>\n<\/div>\n<\/section>\n\n\n\n<div class=\"wp-block-group  animate-on-scroll fade-up has-global-padding is-layout-constrained wp-container-core-group-is-layout-704e782a wp-block-group-is-layout-constrained\">\n<p class=\"has-text-align-center balance has-medium-font-size\">At <strong>Materna<\/strong>, we devote all our energy and expertise to providing the best nutrition for babies, across <strong>the company\u2019s 5 departments:<\/strong>&nbsp;<\/p>\n\n\n\n<div class=\"wp-block-group is-content-justification-center is-layout-flex wp-container-core-group-is-layout-7b773eaf wp-block-group-is-layout-flex\">\n<div class=\"wp-block-group radius-50 has-global-padding is-layout-constrained wp-block-group-is-layout-constrained\">\n<p class=\"has-text-align-center radius-50 has-base-background-color has-background\"><strong>Sales &amp; Marketing<\/strong><\/p>\n<\/div>\n\n\n\n<div class=\"wp-block-group radius-50 has-global-padding is-layout-constrained wp-block-group-is-layout-constrained\">\n<p class=\"has-text-align-center radius-50 has-base-background-color has-background\"><strong>Quality &amp; Regulatory<\/strong><\/p>\n<\/div>\n\n\n\n<div class=\"wp-block-group radius-50 has-global-padding is-layout-constrained wp-block-group-is-layout-constrained\">\n<p class=\"has-text-align-center radius-50 has-base-background-color has-background\"><strong>Supply Chain<\/strong><\/p>\n<\/div>\n\n\n\n<div class=\"wp-block-group radius-50 has-global-padding is-layout-constrained wp-block-group-is-layout-constrained\">\n<p class=\"has-text-align-center radius-50 has-base-background-color has-background\"><strong>Accounting<\/strong><\/p>\n<\/div>\n\n\n\n<div class=\"wp-block-group radius-50 has-global-padding is-layout-constrained wp-block-group-is-layout-constrained\">\n<p class=\"has-text-align-center radius-50 has-base-background-color has-background\"><strong>Project Management<\/strong><\/p>\n<\/div>\n<\/div>\n<\/div>\n\n\n\n<section class=\"wp-block-group alignwide has-global-padding is-layout-constrained wp-container-core-group-is-layout-3ff9766b wp-block-group-is-layout-constrained\">\n<div class=\"wp-block-group has-global-padding is-layout-constrained wp-block-group-is-layout-constrained\">\n<h2 class=\"wp-block-heading has-text-align-center  animate-on-scroll fade-up\">&nbsp;Our <strong>value proposition<\/strong><\/h2>\n\n\n\n<p class=\"has-text-align-center\">By joining Materna, you become part of a committed company where every member of the 5 departments contributes directly to ensuring safe, responsible, and accessible infant nutrition.&nbsp;<\/p>\n<\/div>\n\n\n\n<div data-wp-context=\"{ &quot;autoclose&quot;: true, &quot;accordionItems&quot;: [] }\" data-wp-interactive=\"core\/accordion\" role=\"group\" class=\"wp-block-accordion animate-on-scroll fade-up is-layout-flow wp-block-accordion-is-layout-flow\">\n<div data-wp-class--is-open=\"state.isOpen\" data-wp-context=\"{ &quot;id&quot;: &quot;accordion-item-1&quot;, &quot;openByDefault&quot;: false }\" data-wp-init=\"callbacks.initAccordionItems\" data-wp-on-window--hashchange=\"callbacks.hashChange\" class=\"wp-block-accordion-item is-layout-flow wp-block-accordion-item-is-layout-flow\">\n<h3 class=\"wp-block-accordion-heading\"><button aria-expanded=\"false\" aria-controls=\"accordion-item-1-panel\" data-wp-bind--aria-expanded=\"state.isOpen\" data-wp-on--click=\"actions.toggle\" data-wp-on--keydown=\"actions.handleKeyDown\" id=\"accordion-item-1\" type=\"button\" class=\"wp-block-accordion-heading__toggle\"><span class=\"wp-block-accordion-heading__toggle-title\"><strong><strong>\ud83e\udd47 Quality &amp; Safety<\/strong><\/strong><\/span><span class=\"wp-block-accordion-heading__toggle-icon\" aria-hidden=\"true\">+<\/span><\/button><\/h3>\n\n\n\n<div inert aria-labelledby=\"accordion-item-1\" data-wp-bind--inert=\"!state.isOpen\" id=\"accordion-item-1-panel\" role=\"region\" class=\"wp-block-accordion-panel is-layout-flow wp-block-accordion-panel-is-layout-flow\">\n<h4 class=\"wp-block-heading\">Excellence at the heart of our quality &amp; regulatory professions<\/h4>\n\n\n\n<p>Join a team that ensures daily <strong>compliance with the strictest food standards<\/strong> (13<strong> <\/strong>certifications including IFS Food, BRC Food\u2026). You will support a robust quality approach that guarantees the safety of little ones.<\/p>\n<\/div>\n<\/div>\n\n\n\n<div data-wp-class--is-open=\"state.isOpen\" data-wp-context=\"{ &quot;id&quot;: &quot;accordion-item-2&quot;, &quot;openByDefault&quot;: false }\" data-wp-init=\"callbacks.initAccordionItems\" data-wp-on-window--hashchange=\"callbacks.hashChange\" class=\"wp-block-accordion-item is-layout-flow wp-block-accordion-item-is-layout-flow\">\n<h3 class=\"wp-block-accordion-heading\"><button aria-expanded=\"false\" aria-controls=\"accordion-item-2-panel\" data-wp-bind--aria-expanded=\"state.isOpen\" data-wp-on--click=\"actions.toggle\" data-wp-on--keydown=\"actions.handleKeyDown\" id=\"accordion-item-2\" type=\"button\" class=\"wp-block-accordion-heading__toggle\"><span class=\"wp-block-accordion-heading__toggle-title\"><strong><strong><strong>\ud83d\udce3 Sales &amp; Marketing<\/strong><\/strong><\/strong><\/span><span class=\"wp-block-accordion-heading__toggle-icon\" aria-hidden=\"true\">+<\/span><\/button><\/h3>\n\n\n\n<div inert aria-labelledby=\"accordion-item-2\" data-wp-bind--inert=\"!state.isOpen\" id=\"accordion-item-2-panel\" role=\"region\" class=\"wp-block-accordion-panel is-layout-flow wp-block-accordion-panel-is-layout-flow\">\n<h4 class=\"wp-block-heading\">Supporting growth<\/h4>\n\n\n\n<p>Help <strong>drive the company\u2019s development in France and internationally,<\/strong> understand the needs of parents and professionals, and promote trusted infant nutrition.<\/p>\n<\/div>\n<\/div>\n\n\n\n<div data-wp-class--is-open=\"state.isOpen\" data-wp-context=\"{ &quot;id&quot;: &quot;accordion-item-3&quot;, &quot;openByDefault&quot;: false }\" data-wp-init=\"callbacks.initAccordionItems\" data-wp-on-window--hashchange=\"callbacks.hashChange\" class=\"wp-block-accordion-item is-layout-flow wp-block-accordion-item-is-layout-flow\">\n<h3 class=\"wp-block-accordion-heading\"><button aria-expanded=\"false\" aria-controls=\"accordion-item-3-panel\" data-wp-bind--aria-expanded=\"state.isOpen\" data-wp-on--click=\"actions.toggle\" data-wp-on--keydown=\"actions.handleKeyDown\" id=\"accordion-item-3\" type=\"button\" class=\"wp-block-accordion-heading__toggle\"><span class=\"wp-block-accordion-heading__toggle-title\"><strong><strong><strong><strong>\ud83d\ude9a Supply Chain<\/strong><\/strong><\/strong><\/strong><\/span><span class=\"wp-block-accordion-heading__toggle-icon\" aria-hidden=\"true\">+<\/span><\/button><\/h3>\n\n\n\n<div inert aria-labelledby=\"accordion-item-3\" data-wp-bind--inert=\"!state.isOpen\" id=\"accordion-item-3-panel\" role=\"region\" class=\"wp-block-accordion-panel is-layout-flow wp-block-accordion-panel-is-layout-flow\">\n<h4 class=\"wp-block-heading\">A reliable supply chain<\/h4>\n\n\n\n<p>Join a key department that ensures smooth delivery of products from our production sites to our clients\u2019 warehouses, with strong commitments to <strong>traceability and logistics optimization<\/strong>.<\/p>\n<\/div>\n<\/div>\n\n\n\n<div data-wp-class--is-open=\"state.isOpen\" data-wp-context=\"{ &quot;id&quot;: &quot;accordion-item-4&quot;, &quot;openByDefault&quot;: false }\" data-wp-init=\"callbacks.initAccordionItems\" data-wp-on-window--hashchange=\"callbacks.hashChange\" class=\"wp-block-accordion-item is-layout-flow wp-block-accordion-item-is-layout-flow\">\n<h3 class=\"wp-block-accordion-heading\"><button aria-expanded=\"false\" aria-controls=\"accordion-item-4-panel\" data-wp-bind--aria-expanded=\"state.isOpen\" data-wp-on--click=\"actions.toggle\" data-wp-on--keydown=\"actions.handleKeyDown\" id=\"accordion-item-4\" type=\"button\" class=\"wp-block-accordion-heading__toggle\"><span class=\"wp-block-accordion-heading__toggle-title\"><strong><strong><strong><strong><strong>\ud83d\udcbc Finances &amp; RH<\/strong><\/strong><\/strong><\/strong><\/strong><\/span><span class=\"wp-block-accordion-heading__toggle-icon\" aria-hidden=\"true\">+<\/span><\/button><\/h3>\n\n\n\n<div inert aria-labelledby=\"accordion-item-4\" data-wp-bind--inert=\"!state.isOpen\" id=\"accordion-item-4-panel\" role=\"region\" class=\"wp-block-accordion-panel is-layout-flow wp-block-accordion-panel-is-layout-flow\">\n<h4 class=\"wp-block-heading\">Rigor and transparency serving performance<\/h4>\n\n\n\n<p>Contribute to the company\u2019s financial health through <strong>precise, reliable, and structuring management, essential to the sustainability of our business activities.<\/strong>.<\/p>\n<\/div>\n<\/div>\n\n\n\n<div data-wp-class--is-open=\"state.isOpen\" data-wp-context=\"{ &quot;id&quot;: &quot;accordion-item-5&quot;, &quot;openByDefault&quot;: false }\" data-wp-init=\"callbacks.initAccordionItems\" data-wp-on-window--hashchange=\"callbacks.hashChange\" class=\"wp-block-accordion-item is-layout-flow wp-block-accordion-item-is-layout-flow\">\n<h3 class=\"wp-block-accordion-heading\"><button aria-expanded=\"false\" aria-controls=\"accordion-item-5-panel\" data-wp-bind--aria-expanded=\"state.isOpen\" data-wp-on--click=\"actions.toggle\" data-wp-on--keydown=\"actions.handleKeyDown\" id=\"accordion-item-5\" type=\"button\" class=\"wp-block-accordion-heading__toggle\"><span class=\"wp-block-accordion-heading__toggle-title\"><strong><strong><strong><strong><strong><strong>\ud83d\uddc2\ufe0f Project management<\/strong><\/strong><\/strong><\/strong><\/strong><\/strong><\/span><span class=\"wp-block-accordion-heading__toggle-icon\" aria-hidden=\"true\">+<\/span><\/button><\/h3>\n\n\n\n<div inert aria-labelledby=\"accordion-item-5\" data-wp-bind--inert=\"!state.isOpen\" id=\"accordion-item-5-panel\" role=\"region\" class=\"wp-block-accordion-panel is-layout-flow wp-block-accordion-panel-is-layout-flow\">\n<h4 class=\"wp-block-heading\">Coordination, steering, and cross\u2011functional vision<\/h4>\n\n\n\n<p>Help <strong>structure and move forward strategic projects for our clients<\/strong>, supporting the development of their national brands or private\u2011label (MDD) brands.<\/p>\n<\/div>\n<\/div>\n\n\n\n<div data-wp-class--is-open=\"state.isOpen\" data-wp-context=\"{ &quot;id&quot;: &quot;accordion-item-6&quot;, &quot;openByDefault&quot;: false }\" data-wp-init=\"callbacks.initAccordionItems\" data-wp-on-window--hashchange=\"callbacks.hashChange\" class=\"wp-block-accordion-item is-layout-flow wp-block-accordion-item-is-layout-flow\">\n<h3 class=\"wp-block-accordion-heading\"><button aria-expanded=\"false\" aria-controls=\"accordion-item-6-panel\" data-wp-bind--aria-expanded=\"state.isOpen\" data-wp-on--click=\"actions.toggle\" data-wp-on--keydown=\"actions.handleKeyDown\" id=\"accordion-item-6\" type=\"button\" class=\"wp-block-accordion-heading__toggle\"><span class=\"wp-block-accordion-heading__toggle-title\"><strong><strong><strong><strong><strong><strong><strong>\ud83c\uddeb\ud83c\uddf7 French know\u2011how<\/strong><\/strong><\/strong><\/strong><\/strong><\/strong><\/strong><\/span><span class=\"wp-block-accordion-heading__toggle-icon\" aria-hidden=\"true\">+<\/span><\/button><\/h3>\n\n\n\n<div inert aria-labelledby=\"accordion-item-6\" data-wp-bind--inert=\"!state.isOpen\" id=\"accordion-item-6-panel\" role=\"region\" class=\"wp-block-accordion-panel is-layout-flow wp-block-accordion-panel-is-layout-flow\">\n<h4 class=\"wp-block-heading\">Responsible production<\/h4>\n\n\n\n<p>Our <strong>French factories<\/strong> are at the core of our activity. Contribute to <strong>industrial expertise<\/strong> backed by recognized know\u2011how and a strong commitment to local sourcing and traceability.<\/p>\n<\/div>\n<\/div>\n\n\n\n<div data-wp-class--is-open=\"state.isOpen\" data-wp-context=\"{ &quot;id&quot;: &quot;accordion-item-7&quot;, &quot;openByDefault&quot;: false }\" data-wp-init=\"callbacks.initAccordionItems\" data-wp-on-window--hashchange=\"callbacks.hashChange\" class=\"wp-block-accordion-item is-layout-flow wp-block-accordion-item-is-layout-flow\">\n<h3 class=\"wp-block-accordion-heading\"><button aria-expanded=\"false\" aria-controls=\"accordion-item-7-panel\" data-wp-bind--aria-expanded=\"state.isOpen\" data-wp-on--click=\"actions.toggle\" data-wp-on--keydown=\"actions.handleKeyDown\" id=\"accordion-item-7\" type=\"button\" class=\"wp-block-accordion-heading__toggle\"><span class=\"wp-block-accordion-heading__toggle-title\"><strong><strong><strong><strong><strong><strong><strong><strong>\ud83c\udf31 Ethical impact<\/strong><\/strong><\/strong><\/strong><\/strong><\/strong><\/strong><\/strong><\/span><span class=\"wp-block-accordion-heading__toggle-icon\" aria-hidden=\"true\">+<\/span><\/button><\/h3>\n\n\n\n<div inert aria-labelledby=\"accordion-item-7\" data-wp-bind--inert=\"!state.isOpen\" id=\"accordion-item-7-panel\" role=\"region\" class=\"wp-block-accordion-panel is-layout-flow wp-block-accordion-panel-is-layout-flow\">\n<h4 class=\"wp-block-heading\">A mission that matters<\/h4>\n\n\n\n<p>Work within a company whose mission is to sustainably feed the future. Your contribution has a <strong>direct and positive impact<\/strong> on new generations.<\/p>\n<\/div>\n<\/div>\n<\/div>\n<\/section>\n\n\n\n<section class=\"wp-block-group alignfull has-wireframe-bg-background-color has-background has-global-padding is-layout-constrained wp-container-core-group-is-layout-d3543a3b wp-block-group-is-layout-constrained\">\n<h2 class=\"wp-block-heading has-text-align-center  animate-on-scroll fade-up\">A few <strong>employee<\/strong> profiles<\/h2>\n\n\n\n<div class=\"wp-block-group animate-on-scroll fade-up is-layout-grid wp-container-core-group-is-layout-510ef126 wp-block-group-is-layout-grid\">\n<figure class=\"wp-block-embed is-type-video is-provider-youtube wp-block-embed-youtube wp-embed-aspect-16-9 wp-has-aspect-ratio\"><div class=\"wp-block-embed__wrapper\">\n<lite-youtube videoid=\"5Auvd4dK4rk\" playlabel=\"Lire la vid\u00e9o\" nocookie><\/lite-youtube>\n<\/div><\/figure>\n<\/div>\n\n\n\n<div class=\"wp-block-buttons  animate-on-scroll fade-up is-content-justification-center is-layout-flex wp-container-core-buttons-is-layout-a89b3969 wp-block-buttons-is-layout-flex\">\n<div class=\"wp-block-button is-style-outline is-style-outline--8\"><a class=\"wp-block-button__link wp-element-button\" href=\"https:\/\/www.youtube.com\/@MaternaOp%C3%A9rations\" target=\"_blank\" rel=\"noopener noreferrer nofollow\">Explore all profiles<\/a><\/div>\n<\/div>\n<\/section>\n\n\n\n<section class=\"wp-block-group alignfull has-wireframe-bg-background-color has-background has-global-padding is-layout-constrained wp-container-core-group-is-layout-5a30f31b wp-block-group-is-layout-constrained\">\n<h2 class=\"wp-block-heading has-text-align-center  animate-on-scroll fade-up\"><strong>Open<\/strong> positions<\/h2>\n\n\n\n<div class=\"wp-block-group has-global-padding is-layout-constrained wp-container-core-group-is-layout-bea02a06 wp-block-group-is-layout-constrained\">\n<p class=\"has-text-align-center has-medium-font-size\"><strong>We do not have any open position at present.<\/strong><\/p>\n\n\n\n<p class=\"has-text-align-center balance\">If joining our company particularly interests you and you would still like to share your talents, you may send your CV and a cover letter to: <a href=\"mailto:veyt@maternafrance.fr\">veyt@maternafrance.fr<\/a>, indicating \u201cspontaneous application\u201d in the subject line.<\/p>\n<\/div>\n\n<\/section>\n\n\n\n<section class=\"wp-block-group alignfull animate-on-scroll fade-up has-global-padding is-layout-constrained wp-block-group-is-layout-constrained\">\n<div class=\"wp-block-group radius-50 has-contrast-2-color has-base-background-color has-text-color has-background has-link-color wp-elements-4244161827668d0d711cbd189dd717ff has-global-padding is-layout-constrained wp-container-core-group-is-layout-d5f7b001 wp-block-group-is-layout-constrained\" style=\"margin-top:0;margin-bottom:0;padding-top:var(--wp--preset--spacing--50);padding-right:var(--wp--preset--spacing--50);padding-bottom:var(--wp--preset--spacing--50);padding-left:var(--wp--preset--spacing--50)\">\n<h2 class=\"wp-block-heading has-text-align-center\" style=\"padding-top:0;padding-right:0;padding-bottom:0;padding-left:0\">You want <strong>to know more about\u2026<\/strong><\/h2>\n\n\n\n<div class=\"wp-block-buttons is-content-justification-center is-layout-flex wp-container-core-buttons-is-layout-4c90224a wp-block-buttons-is-layout-flex\" style=\"margin-top:var(--wp--preset--spacing--50)\">\n<div class=\"wp-block-button is-style-outline is-style-outline--9\"><a class=\"wp-block-button__link wp-element-button\" href=\"https:\/\/www.materna-france.fr\/qui-sommes-nous\/\">Who are we?<\/a><\/div>\n\n\n\n<div class=\"wp-block-button is-style-outline is-style-outline--10\"><a class=\"wp-block-button__link wp-element-button\" href=\"https:\/\/www.materna-france.fr\/nos-engagements\/\">Our commitments<\/a><\/div>\n\n\n\n<div class=\"wp-block-button is-style-outline is-style-outline--11\"><a class=\"wp-block-button__link wp-element-button\" href=\"https:\/\/www.materna-france.fr\/international\/\">Our international presence<\/a><\/div>\n<\/div>\n<\/div>\n<\/section>","protected":false},"excerpt":{"rendered":"<p>Carri\u00e8res : rejoignez le leader de l\u2019alimentation infantile en Europe Chez Materna, nous mettons toute notre \u00e9nergie et nos comp\u00e9tences au service de la meilleure nutrition pour les b\u00e9b\u00e9s, \u00e0 travers les 5 services de l\u2019entreprise :&nbsp; Service commerce &amp;&nbsp;marketing Service qualit\u00e9 &amp;&nbsp;r\u00e9glementaire Service supply chain Service comptabilit\u00e9 Service gestion de projets &nbsp;Notre proposition de [&hellip;]<\/p>\n","protected":false},"author":1,"featured_media":0,"parent":0,"menu_order":9,"comment_status":"closed","ping_status":"closed","template":"","meta":{"_acf_changed":false,"footnotes":""},"class_list":["post-197","page","type-page","status-publish","hentry"],"acf":[],"yoast_head":"<!-- This site is optimized with the Yoast SEO plugin v27.2 - https:\/\/yoast.com\/product\/yoast-seo-wordpress\/ -->\n<title>Carri\u00e8res : rejoignez le leader de l\u2019alimentation infantile | Materna<\/title>\n<meta name=\"description\" content=\"Rejoignez Materna, leader europ\u00e9en de la nutrition infantile. Mettez vos talents au service d&#039;une mission \u00e0 fort impact \u00e9thique. D\u00e9couvrez nos portraits de collaborateurs et nos offres d&#039;emploi !\" \/>\n<meta name=\"robots\" content=\"index, follow, max-snippet:-1, max-image-preview:large, max-video-preview:-1\" \/>\n<link rel=\"canonical\" href=\"https:\/\/www.materna-france.fr\/en\/careers\/\" \/>\n<meta property=\"og:locale\" content=\"en_US\" \/>\n<meta property=\"og:type\" content=\"article\" \/>\n<meta property=\"og:title\" content=\"Carri\u00e8res : rejoignez le leader de l\u2019alimentation infantile | Materna\" \/>\n<meta property=\"og:description\" content=\"Rejoignez Materna, leader europ\u00e9en de la nutrition infantile. Mettez vos talents au service d&#039;une mission \u00e0 fort impact \u00e9thique. D\u00e9couvrez nos portraits de collaborateurs et nos offres d&#039;emploi !\" \/>\n<meta property=\"og:url\" content=\"https:\/\/www.materna-france.fr\/en\/careers\/\" \/>\n<meta property=\"og:site_name\" content=\"Materna\" \/>\n<meta property=\"article:modified_time\" content=\"2026-03-10T17:13:46+00:00\" \/>\n<meta name=\"twitter:card\" content=\"summary_large_image\" \/>\n<meta name=\"twitter:label1\" content=\"Est. reading time\" \/>\n\t<meta name=\"twitter:data1\" content=\"2 minutes\" \/>\n<script type=\"application\/ld+json\" class=\"yoast-schema-graph\">{\"@context\":\"https:\/\/schema.org\",\"@graph\":[{\"@type\":\"WebPage\",\"@id\":\"https:\/\/www.materna-france.fr\/carrieres\/\",\"url\":\"https:\/\/www.materna-france.fr\/carrieres\/\",\"name\":\"Carri\u00e8res : rejoignez le leader de l\u2019alimentation infantile | Materna\",\"isPartOf\":{\"@id\":\"https:\/\/www.materna-france.fr\/#website\"},\"datePublished\":\"2025-11-03T17:54:53+00:00\",\"dateModified\":\"2026-03-10T17:13:46+00:00\",\"description\":\"Rejoignez Materna, leader europ\u00e9en de la nutrition infantile. Mettez vos talents au service d'une mission \u00e0 fort impact \u00e9thique. D\u00e9couvrez nos portraits de collaborateurs et nos offres d'emploi !\",\"breadcrumb\":{\"@id\":\"https:\/\/www.materna-france.fr\/carrieres\/#breadcrumb\"},\"inLanguage\":\"en-US\",\"potentialAction\":[{\"@type\":\"ReadAction\",\"target\":[\"https:\/\/www.materna-france.fr\/carrieres\/\"]}]},{\"@type\":\"BreadcrumbList\",\"@id\":\"https:\/\/www.materna-france.fr\/carrieres\/#breadcrumb\",\"itemListElement\":[{\"@type\":\"ListItem\",\"position\":1,\"name\":\"Accueil\",\"item\":\"https:\/\/www.materna-france.fr\/\"},{\"@type\":\"ListItem\",\"position\":2,\"name\":\"Carri\u00e8res\"}]},{\"@type\":\"WebSite\",\"@id\":\"https:\/\/www.materna-france.fr\/#website\",\"url\":\"https:\/\/www.materna-france.fr\/\",\"name\":\"Materna\",\"description\":\"Nourrir l&#039;avenir\",\"publisher\":{\"@id\":\"https:\/\/www.materna-france.fr\/#organization\"},\"potentialAction\":[{\"@type\":\"SearchAction\",\"target\":{\"@type\":\"EntryPoint\",\"urlTemplate\":\"https:\/\/www.materna-france.fr\/?s={search_term_string}\"},\"query-input\":{\"@type\":\"PropertyValueSpecification\",\"valueRequired\":true,\"valueName\":\"search_term_string\"}}],\"inLanguage\":\"en-US\"},{\"@type\":\"Organization\",\"@id\":\"https:\/\/www.materna-france.fr\/#organization\",\"name\":\"Materna\",\"url\":\"https:\/\/www.materna-france.fr\/\",\"logo\":{\"@type\":\"ImageObject\",\"inLanguage\":\"en-US\",\"@id\":\"https:\/\/www.materna-france.fr\/#\/schema\/logo\/image\/\",\"url\":\"https:\/\/www.materna-france.fr\/wp-content\/uploads\/2025\/11\/Materna_Logo_Horizontal.svg\",\"contentUrl\":\"https:\/\/www.materna-france.fr\/wp-content\/uploads\/2025\/11\/Materna_Logo_Horizontal.svg\",\"width\":468,\"height\":72,\"caption\":\"Materna\"},\"image\":{\"@id\":\"https:\/\/www.materna-france.fr\/#\/schema\/logo\/image\/\"}}]}<\/script>\n<!-- \/ Yoast SEO plugin. -->","yoast_head_json":{"title":"Careers: join the leader in infant nutrition | materna","description":"Join Materna, European leader in baby food. Put your talents to work for an ethical mission. Discover our current job opportunities!","robots":{"index":"index","follow":"follow","max-snippet":"max-snippet:-1","max-image-preview":"max-image-preview:large","max-video-preview":"max-video-preview:-1"},"canonical":"https:\/\/www.materna-france.fr\/en\/careers\/","og_locale":"en_US","og_type":"article","og_title":"Carri\u00e8res : rejoignez le leader de l\u2019alimentation infantile | Materna","og_description":"Rejoignez Materna, leader europ\u00e9en de la nutrition infantile. Mettez vos talents au service d'une mission \u00e0 fort impact \u00e9thique. D\u00e9couvrez nos portraits de collaborateurs et nos offres d'emploi !","og_url":"https:\/\/www.materna-france.fr\/en\/careers\/","og_site_name":"Materna","article_modified_time":"2026-03-10T17:13:46+00:00","twitter_card":"summary_large_image","twitter_misc":{"Est. reading time":"2 minutes"},"schema":{"@context":"https:\/\/schema.org","@graph":[{"@type":"WebPage","@id":"https:\/\/www.materna-france.fr\/carrieres\/","url":"https:\/\/www.materna-france.fr\/carrieres\/","name":"Careers: join the leader in infant nutrition | materna","isPartOf":{"@id":"https:\/\/www.materna-france.fr\/#website"},"datePublished":"2025-11-03T17:54:53+00:00","dateModified":"2026-03-10T17:13:46+00:00","description":"Join Materna, European leader in baby food. Put your talents to work for an ethical mission. Discover our current job opportunities!","breadcrumb":{"@id":"https:\/\/www.materna-france.fr\/carrieres\/#breadcrumb"},"inLanguage":"en-US","potentialAction":[{"@type":"ReadAction","target":["https:\/\/www.materna-france.fr\/carrieres\/"]}]},{"@type":"BreadcrumbList","@id":"https:\/\/www.materna-france.fr\/carrieres\/#breadcrumb","itemListElement":[{"@type":"ListItem","position":1,"name":"Accueil","item":"https:\/\/www.materna-france.fr\/"},{"@type":"ListItem","position":2,"name":"Carri\u00e8res"}]},{"@type":"WebSite","@id":"https:\/\/www.materna-france.fr\/#website","url":"https:\/\/www.materna-france.fr\/","name":"Materna","description":"Nourrir l&#039;avenir","publisher":{"@id":"https:\/\/www.materna-france.fr\/#organization"},"potentialAction":[{"@type":"SearchAction","target":{"@type":"EntryPoint","urlTemplate":"https:\/\/www.materna-france.fr\/?s={search_term_string}"},"query-input":{"@type":"PropertyValueSpecification","valueRequired":true,"valueName":"search_term_string"}}],"inLanguage":"en-US"},{"@type":"Organization","@id":"https:\/\/www.materna-france.fr\/#organization","name":"Materna","url":"https:\/\/www.materna-france.fr\/","logo":{"@type":"ImageObject","inLanguage":"en-US","@id":"https:\/\/www.materna-france.fr\/#\/schema\/logo\/image\/","url":"https:\/\/www.materna-france.fr\/wp-content\/uploads\/2025\/11\/Materna_Logo_Horizontal.svg","contentUrl":"https:\/\/www.materna-france.fr\/wp-content\/uploads\/2025\/11\/Materna_Logo_Horizontal.svg","width":468,"height":72,"caption":"Materna"},"image":{"@id":"https:\/\/www.materna-france.fr\/#\/schema\/logo\/image\/"}}]}},"_links":{"self":[{"href":"https:\/\/www.materna-france.fr\/en\/wp-json\/wp\/v2\/pages\/197","targetHints":{"allow":["GET"]}}],"collection":[{"href":"https:\/\/www.materna-france.fr\/en\/wp-json\/wp\/v2\/pages"}],"about":[{"href":"https:\/\/www.materna-france.fr\/en\/wp-json\/wp\/v2\/types\/page"}],"author":[{"embeddable":true,"href":"https:\/\/www.materna-france.fr\/en\/wp-json\/wp\/v2\/users\/1"}],"replies":[{"embeddable":true,"href":"https:\/\/www.materna-france.fr\/en\/wp-json\/wp\/v2\/comments?post=197"}],"version-history":[{"count":0,"href":"https:\/\/www.materna-france.fr\/en\/wp-json\/wp\/v2\/pages\/197\/revisions"}],"wp:attachment":[{"href":"https:\/\/www.materna-france.fr\/en\/wp-json\/wp\/v2\/media?parent=197"}],"curies":[{"name":"wp","href":"https:\/\/api.w.org\/{rel}","templated":true}]}}