{"id":232,"date":"2025-11-04T08:58:44","date_gmt":"2025-11-04T07:58:44","guid":{"rendered":"https:\/\/www.materna-france.fr\/?page_id=232"},"modified":"2026-03-18T15:15:45","modified_gmt":"2026-03-18T14:15:45","slug":"nos-engagements","status":"publish","type":"page","link":"https:\/\/www.materna-france.fr\/en\/our-commitments\/","title":{"rendered":"Our commitments"},"content":{"rendered":"<div class=\"wp-block-group alignfull has-global-padding is-layout-constrained wp-block-group-is-layout-constrained\">\n<section class=\"wp-block-group alignfull lignes ligne5 has-global-padding is-layout-constrained wp-block-group-is-layout-constrained\">\n<div class=\"wp-block-group radius-50 blueDots blocblanc hero animate-on-scroll fade-up has-contrast-2-color has-base-background-color has-text-color has-background has-link-color wp-elements-d93ab61ac51cce0722c8066dc70f3877 has-global-padding is-layout-constrained wp-container-core-group-is-layout-0d72ef2b wp-block-group-is-layout-constrained\" style=\"margin-top:0;margin-bottom:0\">\n<div class=\"wp-block-group has-global-padding is-layout-constrained wp-container-core-group-is-layout-67dda5b4 wp-block-group-is-layout-constrained\" style=\"padding-top:0;padding-right:0;padding-bottom:0;padding-left:0\">\n<h1 class=\"wp-block-heading has-text-align-center\"><strong>Our commitments<\/strong><\/h1>\n<\/div>\n<\/div>\n<\/section>\n\n\n\n<div class=\"wp-block-group has-global-padding is-layout-constrained wp-block-group-is-layout-constrained\">\n<p class=\"has-text-align-center balance animate-on-scroll fade-up has-medium-font-size\">Our mission can be summed up in a few words: <strong>nourishing the future, sustainably<\/strong>. In concrete terms, this means <strong>offering young children food that protects their health<\/strong> while <strong>caring for the planet and the people who sustain it<\/strong>. At materna, <strong>responsibility guides every one of our choices and gives meaning to each of our actions.&nbsp;<\/strong><\/p>\n<\/div>\n<\/div>\n\n\n\n<section class=\"wp-block-group alignwide has-global-padding is-layout-constrained wp-container-core-group-is-layout-d3543a3b wp-block-group-is-layout-constrained\">\n<h2 class=\"wp-block-heading has-text-align-center  animate-on-scroll fade-up\"><strong>A Corporate Social Responsibility (CSR) strategy <\/strong>built around 4 pillars<\/h2>\n\n\n\n<div class=\"wp-block-group is-layout-grid wp-container-core-group-is-layout-6056aaf6 wp-block-group-is-layout-grid\">\n<div class=\"wp-block-group blocblanc radius-25  animate-on-scroll fade-up has-global-padding is-layout-constrained wp-block-group-is-layout-constrained\">\n<figure class=\"wp-block-image aligncenter size-full is-resized is-style-default pastille\"><img decoding=\"async\" width=\"42\" height=\"38\" src=\"https:\/\/www.materna-france.fr\/wp-content\/uploads\/2025\/12\/environnement.svg\" alt=\"ic\u00f4ne plan\u00e8te\" class=\"wp-image-1409\" style=\"width:auto;height:70px\"\/><\/figure>\n\n\n\n<h3 class=\"wp-block-heading has-text-align-center has-large-font-size\"><strong>The environment<\/strong><\/h3>\n\n\n\n<p class=\"has-text-align-center\">We take action to reduce our environmental footprint: optimizing industrial processes to lower water and energy consumption, reducing waste, regularly measuring our carbon footprint, and implementing decarbonization initiatives.<\/p>\n<\/div>\n\n\n\n<div class=\"wp-block-group blocblanc radius-25  animate-on-scroll fade-up has-global-padding is-layout-constrained wp-block-group-is-layout-constrained\">\n<figure class=\"wp-block-image aligncenter size-full is-resized is-style-default pastille\"><img decoding=\"async\" width=\"47\" height=\"33\" src=\"https:\/\/www.materna-france.fr\/wp-content\/uploads\/2025\/12\/alimentation.svg\" alt=\"icone packaging gourde et boite\" class=\"wp-image-1410\" style=\"width:auto;height:70px\"\/><\/figure>\n\n\n\n<h3 class=\"wp-block-heading has-text-align-center has-large-font-size\"><strong>Our products<\/strong><\/h3>\n\n\n\n<p class=\"has-text-align-center\">We design packaging and recipes that are carefully developed not only for babies\u2019 health but also for the climate. This includes measuring the carbon footprint of our products, continuously improving ingredients and packaging, and working closely with our partners and clients to move together toward more sustainable practices.<\/p>\n<\/div>\n\n\n\n<div class=\"wp-block-group blocblanc radius-25 animate-on-scroll fade-up has-global-padding is-layout-constrained wp-block-group-is-layout-constrained\">\n<figure class=\"wp-block-image aligncenter size-full is-resized is-style-default pastille\"><img decoding=\"async\" width=\"37\" height=\"40\" src=\"https:\/\/www.materna-france.fr\/wp-content\/uploads\/2025\/12\/humain.svg\" alt=\"icone humains\" class=\"wp-image-1411\" style=\"width:auto;height:70px\"\/><\/figure>\n\n\n\n<h3 class=\"wp-block-heading has-text-align-center has-large-font-size\"><strong>The human dimension<\/strong><\/h3>\n\n\n\n<p class=\"has-text-align-center\">We place our employees at the heart of our approach: safety, health, skills development, and quality of life at work are daily priorities.<\/p>\n<\/div>\n\n\n\n<div class=\"wp-block-group blocblanc radius-25 animate-on-scroll fade-up has-global-padding is-layout-constrained wp-block-group-is-layout-constrained\">\n<figure class=\"wp-block-image aligncenter size-full is-resized is-style-default pastille\"><img decoding=\"async\" width=\"41\" height=\"44\" src=\"https:\/\/www.materna-france.fr\/wp-content\/uploads\/2025\/12\/durabilite.svg\" alt=\"Icone euro qui pousse comme une plante\" class=\"wp-image-1412\" style=\"width:auto;height:70px\"\/><\/figure>\n\n\n\n<h3 class=\"wp-block-heading has-text-align-center has-large-font-size\"><strong>Sustainable procurement<\/strong><\/h3>\n\n\n\n<p class=\"has-text-align-center\">We strengthen our relationships with suppliers by deploying a responsible sourcing policy to reduce the impact of our raw materials and by supporting agricultural sectors committed to a low-carbon transition.<\/p>\n<\/div>\n<\/div>\n<\/section>\n\n\n\n<section class=\"wp-block-group has-global-padding is-layout-constrained wp-block-group-is-layout-constrained\">\n<div class=\"wp-block-group  animate-on-scroll fade-up has-global-padding is-layout-constrained wp-block-group-is-layout-constrained\">\n<h2 class=\"wp-block-heading has-text-align-center\"><strong>An ambitious decarbonization pathway &nbsp;<\/strong><\/h2>\n\n\n\n<p class=\"has-text-align-center balance\" style=\"margin-bottom:var(--wp--preset--spacing--60)\">Aligned with the <strong>French National Low-Carbon Strategy<\/strong>, materna aims to significantly reduce its emissions, targeting a 20% reduction in carbon intensity between 2022 and 2030. Our roadmap is built around <strong>3 complementary steps<\/strong> :<\/p>\n<\/div>\n\n\n\n<div class=\"wp-block-columns blocs-numerotes is-layout-flex wp-container-core-columns-is-layout-98a7266c wp-block-columns-is-layout-flex\" style=\"border-radius:25px;padding-top:0;padding-bottom:0\">\n<div class=\"wp-block-column is-vertically-aligned-stretch blocChiffre animate-on-scroll fade-up is-layout-flow wp-block-column-is-layout-flow\" style=\"padding-top:var(--wp--preset--spacing--30);padding-right:var(--wp--preset--spacing--30);padding-bottom:var(--wp--preset--spacing--30);padding-left:var(--wp--preset--spacing--30)\">\n<p class=\"has-text-align-center has-large-font-size\"><strong>Reducing emissions <br>at the source<\/strong><\/p>\n<\/div>\n\n\n\n<div class=\"wp-block-column is-vertically-aligned-stretch blocChiffre animate-on-scroll fade-up is-layout-flow wp-block-column-is-layout-flow\" style=\"padding-top:var(--wp--preset--spacing--30);padding-right:var(--wp--preset--spacing--30);padding-bottom:var(--wp--preset--spacing--30);padding-left:var(--wp--preset--spacing--30)\">\n<p class=\"has-text-align-center has-large-font-size\"><strong>Energy and logistics transition<\/strong><\/p>\n<\/div>\n\n\n\n<div class=\"wp-block-column is-vertically-aligned-stretch blocChiffre animate-on-scroll fade-up is-layout-flow wp-block-column-is-layout-flow\" style=\"padding-top:var(--wp--preset--spacing--30);padding-right:var(--wp--preset--spacing--30);padding-bottom:var(--wp--preset--spacing--30);padding-left:var(--wp--preset--spacing--30)\">\n<p class=\"has-text-align-center has-large-font-size\"><strong>Offsetting initiatives to support low-carbon agriculture<\/strong><\/p>\n<\/div>\n<\/div>\n<\/section>\n\n\n\n<section class=\"wp-block-group alignfull has-global-padding is-layout-constrained wp-container-core-group-is-layout-1049e6ad wp-block-group-is-layout-constrained\">\n<h2 class=\"wp-block-heading has-text-align-center  animate-on-scroll fade-up\"><strong>Concrete actions<\/strong><\/h2>\n\n\n\n<div class=\"wp-block-group is-layout-grid wp-container-core-group-is-layout-6056aaf6 wp-block-group-is-layout-grid\">\n<div class=\"wp-block-group blocblanc radius-25 mobile-order-2 animate-on-scroll fade-up wp-container-content-bdaaca5e has-global-padding is-content-justification-left is-layout-constrained wp-container-core-group-is-layout-12dd3699 wp-block-group-is-layout-constrained\">\n<h3 class=\"wp-block-heading\"><strong>Reducing energy consumption<\/strong><\/h3>\n\n\n\n<ul class=\"wp-block-list\">\n<li>Optimization of washing cycles to reduce water and energy use (2024\u20132025)<\/li>\n\n\n\n<li>Recovery of energy lost during sterilization to improve equipment energy efficiency (since 2026)<\/li>\n<\/ul>\n<\/div>\n\n\n\n<div class=\"wp-block-group blocblanc radius-25 mobile-order-3 animate-on-scroll fade-up wp-container-content-bdaaca5e has-global-padding is-content-justification-left is-layout-constrained wp-container-core-group-is-layout-12dd3699 wp-block-group-is-layout-constrained\">\n<h3 class=\"wp-block-heading\"><strong>Developing more efficient packaging<\/strong><\/h3>\n\n\n\n<ul class=\"wp-block-list\">\n<li>Launch of pasteurized <strong>recyclable mono-material pouches<\/strong> (2024)<\/li>\n\n\n\n<li>Study of a cap using 15% less plastic (2026)<\/li>\n\n\n\n<li>Testing of <strong>sterilized and recyclable pouches<\/strong> (2026)<\/li>\n<\/ul>\n<\/div>\n\n\n\n<div class=\"wp-block-group blocblanc radius-25 mobile-order-4 animate-on-scroll fade-up wp-container-content-bdaaca5e has-global-padding is-content-justification-left is-layout-constrained wp-container-core-group-is-layout-12dd3699 wp-block-group-is-layout-constrained\">\n<h3 class=\"wp-block-heading\"><strong>Reducing product carbon footprint<\/strong><\/h3>\n\n\n\n<ul class=\"wp-block-list\">\n<li>Objective: <strong>\u201320% emissions on our savory meals within 5 years<\/strong><\/li>\n\n\n\n<li><strong>&nbsp;<\/strong>Creation of an internal tool based on Agribalyse to measure the carbon impact of each recipe from the design stage (focused on purchased raw materials)&nbsp;<\/li>\n\n\n\n<li>A three-year client support program: development of more sustainable recipes with a \u201320% emissions target across the range within 3 years<\/li>\n\n\n\n<li>Reduction of the emission factor linked to ready-to-use milk: target of \u201320% between 2022 and 2040 through low-carbon initiatives implemented by partner farms and optimization of milk collection logistics<\/li>\n<\/ul>\n<\/div>\n\n\n\n<figure class=\"wp-block-image size-large is-style-rounded mobile-order-1 animate-on-scroll fade-up is-style-rounded--1\"><img decoding=\"async\" width=\"1024\" height=\"683\" src=\"https:\/\/www.materna-france.fr\/wp-content\/uploads\/2026\/01\/Photo-famille-1024x683.jpg\" alt=\"Famille heureuse\" class=\"wp-image-2600\" style=\"aspect-ratio:1;object-fit:cover\" srcset=\"https:\/\/www.materna-france.fr\/wp-content\/uploads\/2026\/01\/Photo-famille-1024x683.jpg 1024w, https:\/\/www.materna-france.fr\/wp-content\/uploads\/2026\/01\/Photo-famille-300x200.jpg 300w, https:\/\/www.materna-france.fr\/wp-content\/uploads\/2026\/01\/Photo-famille-768x512.jpg 768w, https:\/\/www.materna-france.fr\/wp-content\/uploads\/2026\/01\/Photo-famille-1536x1024.jpg 1536w, https:\/\/www.materna-france.fr\/wp-content\/uploads\/2026\/01\/Photo-famille-18x12.jpg 18w, https:\/\/www.materna-france.fr\/wp-content\/uploads\/2026\/01\/Photo-famille.jpg 1620w\" sizes=\"(max-width: 1024px) 100vw, 1024px\" \/><\/figure>\n<\/div>\n<\/section>\n\n\n\n<section class=\"wp-block-group alignfull animate-on-scroll fade-up has-global-padding is-layout-constrained wp-block-group-is-layout-constrained\">\n<div class=\"wp-block-group radius-50 has-contrast-2-color has-base-background-color has-text-color has-background has-link-color wp-elements-6b6caa8166dd911102b270e92cb51807 has-global-padding is-layout-constrained wp-container-core-group-is-layout-d5f7b001 wp-block-group-is-layout-constrained\" style=\"margin-top:0;margin-bottom:0;padding-top:var(--wp--preset--spacing--50);padding-right:var(--wp--preset--spacing--50);padding-bottom:var(--wp--preset--spacing--50);padding-left:var(--wp--preset--spacing--50)\">\n<h2 class=\"wp-block-heading has-text-align-center\" style=\"padding-top:0;padding-right:0;padding-bottom:0;padding-left:0\">You want <strong>to know more about\u2026<\/strong><\/h2>\n\n\n\n<div class=\"wp-block-buttons is-content-justification-center is-layout-flex wp-container-core-buttons-is-layout-4c90224a wp-block-buttons-is-layout-flex\" style=\"margin-top:var(--wp--preset--spacing--50)\">\n<div class=\"wp-block-button is-style-outline is-style-outline--2\"><a class=\"wp-block-button__link wp-element-button\" href=\"https:\/\/www.materna-france.fr\/innovation-et-rd\/\">Innovation and R&amp;D<\/a><\/div>\n\n\n\n<div class=\"wp-block-button is-style-outline is-style-outline--3\"><a class=\"wp-block-button__link wp-element-button\" href=\"https:\/\/www.materna-france.fr\/accompagnement-marques-nationales-et-mdd\/\">National brands &amp; private labels support<\/a><\/div>\n\n\n\n<div class=\"wp-block-button is-style-outline is-style-outline--4\"><a class=\"wp-block-button__link wp-element-button\" href=\"https:\/\/www.materna-france.fr\/international\/\">Our international presence<\/a><\/div>\n<\/div>\n<\/div>\n<\/section>","protected":false},"excerpt":{"rendered":"<p>Nos engagements Notre mission tient en quelques mots : nourrir l\u2019avenir, durablement. Concr\u00e8tement, cela signifie offrir aux tout-petits une alimentation qui prot\u00e8ge leur sant\u00e9 tout en prenant soin de la plan\u00e8te et de celles et ceux qui la font vivre. Chez materna, la responsabilit\u00e9 guide chacun de nos choix et donne du sens \u00e0 chacune [&hellip;]<\/p>\n","protected":false},"author":1,"featured_media":0,"parent":0,"menu_order":8,"comment_status":"closed","ping_status":"closed","template":"","meta":{"_acf_changed":false,"footnotes":""},"class_list":["post-232","page","type-page","status-publish","hentry"],"acf":[],"yoast_head":"<!-- This site is optimized with the Yoast SEO plugin v27.2 - https:\/\/yoast.com\/product\/yoast-seo-wordpress\/ -->\n<title>Nos engagements pour une alimentation durable | Materna<\/title>\n<meta name=\"description\" content=\"Une strat\u00e9gie de Responsabilit\u00e9 Soci\u00e9tale (RSE) autour de 4 piliers, une gouvernance structur\u00e9e, une r\u00e9duction des \u00e9missions de GES par tonne fabriqu\u00e9e d\u2019ici 2030 par rapport \u00e0 2022 gr\u00e2ce \u00e0 la mise en \u0153uvre de projets concrets. D\u00e9couvrez les engagements de materna\u202f!\" \/>\n<meta name=\"robots\" content=\"index, follow, max-snippet:-1, max-image-preview:large, max-video-preview:-1\" \/>\n<link rel=\"canonical\" href=\"https:\/\/www.materna-france.fr\/en\/our-commitments\/\" \/>\n<meta property=\"og:locale\" content=\"en_US\" \/>\n<meta property=\"og:type\" content=\"article\" \/>\n<meta property=\"og:title\" content=\"Nos engagements pour une alimentation durable | Materna\" \/>\n<meta property=\"og:description\" content=\"Une strat\u00e9gie de Responsabilit\u00e9 Soci\u00e9tale (RSE) autour de 4 piliers, une gouvernance structur\u00e9e, une r\u00e9duction des \u00e9missions de GES par tonne fabriqu\u00e9e d\u2019ici 2030 par rapport \u00e0 2022 gr\u00e2ce \u00e0 la mise en \u0153uvre de projets concrets. D\u00e9couvrez les engagements de materna\u202f!\" \/>\n<meta property=\"og:url\" content=\"https:\/\/www.materna-france.fr\/en\/our-commitments\/\" \/>\n<meta property=\"og:site_name\" content=\"Materna\" \/>\n<meta property=\"article:modified_time\" content=\"2026-03-18T14:15:45+00:00\" \/>\n<meta name=\"twitter:card\" content=\"summary_large_image\" \/>\n<meta name=\"twitter:label1\" content=\"Est. reading time\" \/>\n\t<meta name=\"twitter:data1\" content=\"4 minutes\" \/>\n<script type=\"application\/ld+json\" class=\"yoast-schema-graph\">{\"@context\":\"https:\/\/schema.org\",\"@graph\":[{\"@type\":\"WebPage\",\"@id\":\"https:\/\/www.materna-france.fr\/nos-engagements\/\",\"url\":\"https:\/\/www.materna-france.fr\/nos-engagements\/\",\"name\":\"Nos engagements pour une alimentation durable | Materna\",\"isPartOf\":{\"@id\":\"https:\/\/www.materna-france.fr\/#website\"},\"primaryImageOfPage\":{\"@id\":\"https:\/\/www.materna-france.fr\/nos-engagements\/#primaryimage\"},\"image\":{\"@id\":\"https:\/\/www.materna-france.fr\/nos-engagements\/#primaryimage\"},\"thumbnailUrl\":\"https:\/\/www.materna-france.fr\/wp-content\/uploads\/2025\/12\/environnement.svg\",\"datePublished\":\"2025-11-04T07:58:44+00:00\",\"dateModified\":\"2026-03-18T14:15:45+00:00\",\"description\":\"Une strat\u00e9gie de Responsabilit\u00e9 Soci\u00e9tale (RSE) autour de 4 piliers, une gouvernance structur\u00e9e, une r\u00e9duction des \u00e9missions de GES par tonne fabriqu\u00e9e d\u2019ici 2030 par rapport \u00e0 2022 gr\u00e2ce \u00e0 la mise en \u0153uvre de projets concrets. D\u00e9couvrez les engagements de materna\u202f!\",\"breadcrumb\":{\"@id\":\"https:\/\/www.materna-france.fr\/nos-engagements\/#breadcrumb\"},\"inLanguage\":\"en-US\",\"potentialAction\":[{\"@type\":\"ReadAction\",\"target\":[\"https:\/\/www.materna-france.fr\/nos-engagements\/\"]}]},{\"@type\":\"ImageObject\",\"inLanguage\":\"en-US\",\"@id\":\"https:\/\/www.materna-france.fr\/nos-engagements\/#primaryimage\",\"url\":\"https:\/\/www.materna-france.fr\/wp-content\/uploads\/2025\/12\/environnement.svg\",\"contentUrl\":\"https:\/\/www.materna-france.fr\/wp-content\/uploads\/2025\/12\/environnement.svg\"},{\"@type\":\"BreadcrumbList\",\"@id\":\"https:\/\/www.materna-france.fr\/nos-engagements\/#breadcrumb\",\"itemListElement\":[{\"@type\":\"ListItem\",\"position\":1,\"name\":\"Accueil\",\"item\":\"https:\/\/www.materna-france.fr\/\"},{\"@type\":\"ListItem\",\"position\":2,\"name\":\"Nos engagements\"}]},{\"@type\":\"WebSite\",\"@id\":\"https:\/\/www.materna-france.fr\/#website\",\"url\":\"https:\/\/www.materna-france.fr\/\",\"name\":\"Materna\",\"description\":\"Nourrir l&#039;avenir\",\"publisher\":{\"@id\":\"https:\/\/www.materna-france.fr\/#organization\"},\"potentialAction\":[{\"@type\":\"SearchAction\",\"target\":{\"@type\":\"EntryPoint\",\"urlTemplate\":\"https:\/\/www.materna-france.fr\/?s={search_term_string}\"},\"query-input\":{\"@type\":\"PropertyValueSpecification\",\"valueRequired\":true,\"valueName\":\"search_term_string\"}}],\"inLanguage\":\"en-US\"},{\"@type\":\"Organization\",\"@id\":\"https:\/\/www.materna-france.fr\/#organization\",\"name\":\"Materna\",\"url\":\"https:\/\/www.materna-france.fr\/\",\"logo\":{\"@type\":\"ImageObject\",\"inLanguage\":\"en-US\",\"@id\":\"https:\/\/www.materna-france.fr\/#\/schema\/logo\/image\/\",\"url\":\"https:\/\/www.materna-france.fr\/wp-content\/uploads\/2025\/11\/Materna_Logo_Horizontal.svg\",\"contentUrl\":\"https:\/\/www.materna-france.fr\/wp-content\/uploads\/2025\/11\/Materna_Logo_Horizontal.svg\",\"width\":468,\"height\":72,\"caption\":\"Materna\"},\"image\":{\"@id\":\"https:\/\/www.materna-france.fr\/#\/schema\/logo\/image\/\"}}]}<\/script>\n<!-- \/ Yoast SEO plugin. -->","yoast_head_json":{"title":"Our commitments to sustainable food | materna","description":"Materna\u2019s CSR strategy: 4 pillars, structured governance and GHG reduction per tonne by 2030 vs 2022 through concrete actions. Discover our commitments!","robots":{"index":"index","follow":"follow","max-snippet":"max-snippet:-1","max-image-preview":"max-image-preview:large","max-video-preview":"max-video-preview:-1"},"canonical":"https:\/\/www.materna-france.fr\/en\/our-commitments\/","og_locale":"en_US","og_type":"article","og_title":"Nos engagements pour une alimentation durable | Materna","og_description":"Une strat\u00e9gie de Responsabilit\u00e9 Soci\u00e9tale (RSE) autour de 4 piliers, une gouvernance structur\u00e9e, une r\u00e9duction des \u00e9missions de GES par tonne fabriqu\u00e9e d\u2019ici 2030 par rapport \u00e0 2022 gr\u00e2ce \u00e0 la mise en \u0153uvre de projets concrets. D\u00e9couvrez les engagements de materna\u202f!","og_url":"https:\/\/www.materna-france.fr\/en\/our-commitments\/","og_site_name":"Materna","article_modified_time":"2026-03-18T14:15:45+00:00","twitter_card":"summary_large_image","twitter_misc":{"Est. reading time":"4 minutes"},"schema":{"@context":"https:\/\/schema.org","@graph":[{"@type":"WebPage","@id":"https:\/\/www.materna-france.fr\/nos-engagements\/","url":"https:\/\/www.materna-france.fr\/nos-engagements\/","name":"Our commitments to sustainable food | materna","isPartOf":{"@id":"https:\/\/www.materna-france.fr\/#website"},"primaryImageOfPage":{"@id":"https:\/\/www.materna-france.fr\/nos-engagements\/#primaryimage"},"image":{"@id":"https:\/\/www.materna-france.fr\/nos-engagements\/#primaryimage"},"thumbnailUrl":"https:\/\/www.materna-france.fr\/wp-content\/uploads\/2025\/12\/environnement.svg","datePublished":"2025-11-04T07:58:44+00:00","dateModified":"2026-03-18T14:15:45+00:00","description":"Materna\u2019s CSR strategy: 4 pillars, structured governance and GHG reduction per tonne by 2030 vs 2022 through concrete actions. Discover our commitments!","breadcrumb":{"@id":"https:\/\/www.materna-france.fr\/nos-engagements\/#breadcrumb"},"inLanguage":"en-US","potentialAction":[{"@type":"ReadAction","target":["https:\/\/www.materna-france.fr\/nos-engagements\/"]}]},{"@type":"ImageObject","inLanguage":"en-US","@id":"https:\/\/www.materna-france.fr\/nos-engagements\/#primaryimage","url":"https:\/\/www.materna-france.fr\/wp-content\/uploads\/2025\/12\/environnement.svg","contentUrl":"https:\/\/www.materna-france.fr\/wp-content\/uploads\/2025\/12\/environnement.svg"},{"@type":"BreadcrumbList","@id":"https:\/\/www.materna-france.fr\/nos-engagements\/#breadcrumb","itemListElement":[{"@type":"ListItem","position":1,"name":"Accueil","item":"https:\/\/www.materna-france.fr\/"},{"@type":"ListItem","position":2,"name":"Nos engagements"}]},{"@type":"WebSite","@id":"https:\/\/www.materna-france.fr\/#website","url":"https:\/\/www.materna-france.fr\/","name":"Materna","description":"Nourrir l&#039;avenir","publisher":{"@id":"https:\/\/www.materna-france.fr\/#organization"},"potentialAction":[{"@type":"SearchAction","target":{"@type":"EntryPoint","urlTemplate":"https:\/\/www.materna-france.fr\/?s={search_term_string}"},"query-input":{"@type":"PropertyValueSpecification","valueRequired":true,"valueName":"search_term_string"}}],"inLanguage":"en-US"},{"@type":"Organization","@id":"https:\/\/www.materna-france.fr\/#organization","name":"Materna","url":"https:\/\/www.materna-france.fr\/","logo":{"@type":"ImageObject","inLanguage":"en-US","@id":"https:\/\/www.materna-france.fr\/#\/schema\/logo\/image\/","url":"https:\/\/www.materna-france.fr\/wp-content\/uploads\/2025\/11\/Materna_Logo_Horizontal.svg","contentUrl":"https:\/\/www.materna-france.fr\/wp-content\/uploads\/2025\/11\/Materna_Logo_Horizontal.svg","width":468,"height":72,"caption":"Materna"},"image":{"@id":"https:\/\/www.materna-france.fr\/#\/schema\/logo\/image\/"}}]}},"_links":{"self":[{"href":"https:\/\/www.materna-france.fr\/en\/wp-json\/wp\/v2\/pages\/232","targetHints":{"allow":["GET"]}}],"collection":[{"href":"https:\/\/www.materna-france.fr\/en\/wp-json\/wp\/v2\/pages"}],"about":[{"href":"https:\/\/www.materna-france.fr\/en\/wp-json\/wp\/v2\/types\/page"}],"author":[{"embeddable":true,"href":"https:\/\/www.materna-france.fr\/en\/wp-json\/wp\/v2\/users\/1"}],"replies":[{"embeddable":true,"href":"https:\/\/www.materna-france.fr\/en\/wp-json\/wp\/v2\/comments?post=232"}],"version-history":[{"count":0,"href":"https:\/\/www.materna-france.fr\/en\/wp-json\/wp\/v2\/pages\/232\/revisions"}],"wp:attachment":[{"href":"https:\/\/www.materna-france.fr\/en\/wp-json\/wp\/v2\/media?parent=232"}],"curies":[{"name":"wp","href":"https:\/\/api.w.org\/{rel}","templated":true}]}}